{"id":21,"date":"2013-10-21T16:58:59","date_gmt":"2013-10-21T15:58:59","guid":{"rendered":"http:\/\/localhost\/acced-location\/?page_id=21"},"modified":"2023-03-16T15:34:45","modified_gmt":"2023-03-16T14:34:45","slug":"contact","status":"publish","type":"page","link":"http:\/\/acced-location.bzh\/?page_id=21","title":{"rendered":"Contact"},"content":{"rendered":"<div class=\"demi\"><strong>Ouverture :<\/strong><br \/>\ndu lundi au vendredi de 07h30 \u00e0 18h00 avec\/sans rendez-vous<\/div>\n<div class=\"demi\"><strong>Fermeture :<\/strong><br \/>\nles samedi et dimanche toute la journ\u00e9e<\/div>\n<p><strong>Merci de bien vouloir pr\u00e9ciser vos coordonn\u00e9es et votre demande. <\/strong><\/p>\n<p><div class=\"column-grid column-grid-4\"><div class=\"column column-span-2 column-push-0 column-first\"><div role=\"form\" class=\"wpcf7\" id=\"wpcf7-f387-o1\" lang=\"fr-FR\" dir=\"ltr\">\n<div class=\"screen-reader-response\"><p role=\"status\" aria-live=\"polite\" aria-atomic=\"true\"><\/p> <ul><\/ul><\/div>\n<form action=\"\/index.php?rest_route=%2Fwp%2Fv2%2Fpages%2F21#wpcf7-f387-o1\" method=\"post\" class=\"wpcf7-form init\" novalidate=\"novalidate\" data-status=\"init\">\n<div style=\"display: none;\">\n<input type=\"hidden\" name=\"_wpcf7\" value=\"387\" \/>\n<input type=\"hidden\" name=\"_wpcf7_version\" value=\"5.4\" \/>\n<input type=\"hidden\" name=\"_wpcf7_locale\" value=\"fr_FR\" \/>\n<input type=\"hidden\" name=\"_wpcf7_unit_tag\" value=\"wpcf7-f387-o1\" \/>\n<input type=\"hidden\" name=\"_wpcf7_container_post\" value=\"0\" \/>\n<input type=\"hidden\" name=\"_wpcf7_posted_data_hash\" value=\"\" \/>\n<\/div>\n<div style=\"width:240px;float:left;\">Votre pr\u00e9nom (obligatoire)<br \/>\n    <span class=\"wpcf7-form-control-wrap your-first-name\"><input type=\"text\" name=\"your-first-name\" value=\"\" size=\"40\" class=\"wpcf7-form-control wpcf7-text wpcf7-validates-as-required\" aria-required=\"true\" aria-invalid=\"false\" \/><\/span> <\/div>\n<div style=\"width:240px;float:left;\">Votre nom (obligatoire)<br \/>\n    <span class=\"wpcf7-form-control-wrap your-name\"><input type=\"text\" name=\"your-name\" value=\"\" size=\"40\" class=\"wpcf7-form-control wpcf7-text wpcf7-validates-as-required\" aria-required=\"true\" aria-invalid=\"false\" \/><\/span><\/div>\n<p><\/p>\n<div style=\"width:240px;clear:both;\">Votre email (obligatoire)<br \/>\n    <span class=\"wpcf7-form-control-wrap your-email\"><input type=\"email\" name=\"your-email\" value=\"\" size=\"40\" class=\"wpcf7-form-control wpcf7-text wpcf7-email wpcf7-validates-as-required wpcf7-validates-as-email\" aria-required=\"true\" aria-invalid=\"false\" \/><\/span> <\/div>\n<div style=\"width:240px;clear:both;margin-bottom:20px;\"><\/div>\n<div style=\"width:240px;float:left;\">Votre entreprise<br \/>\n    <span class=\"wpcf7-form-control-wrap your-company\"><input type=\"text\" name=\"your-company\" value=\"\" size=\"40\" class=\"wpcf7-form-control wpcf7-text\" aria-invalid=\"false\" \/><\/span><\/br>Sujet<br \/>\n    <span class=\"wpcf7-form-control-wrap your-subject\"><input type=\"text\" name=\"your-subject\" value=\"\" size=\"40\" class=\"wpcf7-form-control wpcf7-text\" aria-invalid=\"false\" \/><\/span><\/div>\n<div style=\"width:240px;float:left;\">Votre message<br \/>\n    <span class=\"wpcf7-form-control-wrap your-message\"><textarea name=\"your-message\" cols=\"40\" rows=\"10\" class=\"wpcf7-form-control wpcf7-textarea\" aria-invalid=\"false\"><\/textarea><\/span> <\/div>\n<div style=\"width:240px;clear:both;margin-bottom:20px;\"><\/div>\n<div style=\"width:240px;float:left;\">\nR\u00e9solvez cette op\u00e9ration afin de prouver que vous n\u2019\u00eates pas un robot&nbsp;: <span class=\"wpcf7-form-control-wrap mathcaptcha-540\">1 + &#x34; = <input type=\"text\" name=\"mathcaptcha-540\" value=\"\" size=\"2\" maxlength=\"2\" class=\"wpcf7-form-control wpcf7-mathcaptcha\" aria-required=\"true\" \/><\/span><input type=\"hidden\" value=\"0\" name=\"mathcaptcha-540-sn\" \/>\n<\/div>\n<div style=\"width:240px;float:left;text-align:right;padding-top:20px;\"><input type=\"submit\" value=\"Envoyer\" class=\"wpcf7-form-control wpcf7-submit\" \/><\/div>\n<div class=\"wpcf7-response-output\" aria-hidden=\"true\"><\/div><\/form><\/div>\n<\/div><br \/>\n<div class=\"column column-span-2 column-push-0 column-last\"><p><img class=\"alignnone size-full wp-image-189 shot\" src=\"http:\/\/acced-location.bzh\/wp-content\/uploads\/2013\/12\/contact_photo.png\" alt=\"contact_photo\" width=\"100%\" \/><\/p>\n<\/div><\/div><\/p>\n<p>Conform\u00e9ment \u00e0 la loi Informatique et Libert\u00e9s du 6 janvier 1978, vous disposez d&rsquo;un droit d&rsquo;acc\u00e8s, de rectification et de suppression des donn\u00e9es qui vous concernent en nous \u00e9crivant \u00e0 l&rsquo;adresse postale et\/ou mail indiqu\u00e9e ci-dessous. Seule notre soci\u00e9t\u00e9 ou association est destinataire des informations que vous lui communiquez.<\/p>\n","protected":false},"excerpt":{"rendered":"<p>Ouverture : du lundi au vendredi de 07h30 \u00e0 18h00 avec\/sans rendez-vous Fermeture : les samedi et dimanche toute la journ\u00e9e Merci de bien vouloir pr\u00e9ciser vos coordonn\u00e9es et votre demande. Conform\u00e9ment \u00e0 la loi Informatique et Libert\u00e9s du 6 janvier 1978, vous disposez d&rsquo;un droit d&rsquo;acc\u00e8s, de rectification et &#8230;<\/p>\n","protected":false},"author":1,"featured_media":0,"parent":0,"menu_order":0,"comment_status":"closed","ping_status":"open","template":"template-full-width.php","meta":[],"_links":{"self":[{"href":"http:\/\/acced-location.bzh\/index.php?rest_route=\/wp\/v2\/pages\/21"}],"collection":[{"href":"http:\/\/acced-location.bzh\/index.php?rest_route=\/wp\/v2\/pages"}],"about":[{"href":"http:\/\/acced-location.bzh\/index.php?rest_route=\/wp\/v2\/types\/page"}],"author":[{"embeddable":true,"href":"http:\/\/acced-location.bzh\/index.php?rest_route=\/wp\/v2\/users\/1"}],"replies":[{"embeddable":true,"href":"http:\/\/acced-location.bzh\/index.php?rest_route=%2Fwp%2Fv2%2Fcomments&post=21"}],"version-history":[{"count":6,"href":"http:\/\/acced-location.bzh\/index.php?rest_route=\/wp\/v2\/pages\/21\/revisions"}],"predecessor-version":[{"id":1569,"href":"http:\/\/acced-location.bzh\/index.php?rest_route=\/wp\/v2\/pages\/21\/revisions\/1569"}],"wp:attachment":[{"href":"http:\/\/acced-location.bzh\/index.php?rest_route=%2Fwp%2Fv2%2Fmedia&parent=21"}],"curies":[{"name":"wp","href":"https:\/\/api.w.org\/{rel}","templated":true}]}}